{"id":4,"date":"2022-05-31T23:56:44","date_gmt":"2022-05-31T23:56:44","guid":{"rendered":"https:\/\/automatizaciones.net\/mesmerize\/"},"modified":"2023-09-06T00:41:56","modified_gmt":"2023-09-06T00:41:56","slug":"home","status":"publish","type":"page","link":"https:\/\/automatizaciones.net\/","title":{"rendered":"INICIO"},"content":{"rendered":"<div  id=\"features-10\" class=\"features-16-card-bordered content-section content-section-spacing\" style=\"background-color: #ffffff;\" data-label=\"Features\" data-id=\"features-16-card-bordered\" data-export-id=\"features-16-card-bordered\" data-category=\"features\">\n<div  class=\"\">\n<div  class=\"row text-center\">\n<div  class=\"section-title-col\" data-type=\"column\">\n<h2  class=\"\">AUTOMATIZACI\u00d3N Y ROB\u00d3TICA<\/h2>\n<p  class=\"lead\"><span  style=\"color: #000000;\"><strong ><em >Empresa con m\u00e1s de 30 a\u00f1os de trayectoria brindando soluciones integrales de\u202ftecnolog\u00eda y \u202fconectividad de buses de campos de redes de datos, a trav\u00e9s de Cableado Estructurado, Fibra \u00d3ptica, Ethernet Wireless u transmisiones por Microondas estas \u00faltimas pueden ser punto a punto, distribuidas por nodos, por Red Satelital o Red GSM G3-G4, dedicada al dise\u00f1o y construcci\u00f3n de sistemas tecnol\u00f3gicos innovadores<\/em><\/strong><\/span><\/p>\n<p  class=\"lead\"><span  style=\"color: #000000;\"><strong ><em >Ejecutamos obras integrando las mejores marcas reconocidas mundialmente las cuales son aplicadas seg\u00fan el desarrollo solicitado por el cliente en base a nuestras recomendaciones<\/em><\/strong><\/span><\/p>\n<p  class=\"lead\"><span  style=\"color: #000000;\"><strong ><em >Nuestra empresa forma parte de la industrial de Software y Dise\u00f1o-Desarrollo de dispositivos electr\u00f3nicos especiales aplicados a la Industria. Brindamos soluciones escalables y robustas.<\/em><\/strong><\/span><\/p>\n\n<\/div>\n<\/div>\n<div  class=\"row spaced-cols content-center-sm center-sm\" data-type=\"row\">\n<div  class=\"col-xs-12 col-sm-6 col-md-4 \">\n<div  class=\"card no-padding bordered y-move\"><a href=\"#\" target=\"_self\" rel=\"noopener\" data-cp-link=\"1\"><img  decoding=\"async\" class=\"face\" title=\"cropped-VALORES.jpg\" src=\"https:\/\/automatizaciones.net\/wp-content\/uploads\/2022\/06\/cropped-equipo.jpg\" alt=\"\"><\/a>\n<div  class=\"col-padding-small col-padding-small-xs description-container\" data-type=\"column\">\n<h4  class=\"font-500\" style=\"text-align: center;\">NUESTROS VALORES<\/h4>\n<p  class=\"\" style=\"text-align: center;\"><em ><strong ><span  style=\"color: #000000;\">Estamos comprometidos a brindar honestidad, responsabilidad e integridad \u00e9tica, orientado a la calidad y seguridad.<\/span><\/strong><\/em><\/p>\n<p  class=\"\" style=\"text-align: center;\"><em ><strong ><span  style=\"color: #000000;\">Analizamos, dise\u00f1amos y ejecutamos las mejores decisiones con prop\u00f3sito de cumplir, ser proactivo y superar las expectativas.<\/span><\/strong><\/em><\/p>\n<p  class=\"\" style=\"text-align: center;\"><em ><strong ><span  style=\"color: #000000;\">Nos comprometemos con el cuidado del Medio Ambiente con alta prioridad a la prevenci\u00f3n de la Seguridad y Salud en el trabajo, asegurando as\u00ed el \u00e9xito de nuestra gesti\u00f3n.<\/span><\/strong><\/em><\/p>\n\n<\/div>\n<div  class=\"col-padding-small col-padding-small-xs read-more-container\" data-type=\"column\"><\/div>\n<\/div>\n<\/div>\n<div  class=\"col-xs-12 col-sm-6 col-md-4 \">\n<div  class=\"card no-padding bordered y-move\"><img  decoding=\"async\" class=\"face\" title=\"cropped-VISION.jpeg\" src=\"https:\/\/automatizaciones.net\/wp-content\/uploads\/2022\/06\/cropped-VISION.jpeg\" alt=\"\">\n<div  class=\"col-padding-small col-padding-small-xs description-container\" data-type=\"column\">\n<h4  class=\"font-500\" style=\"text-align: center;\">NUESTRA VISI\u00d3N<\/h4>\n<p  class=\"\" style=\"text-align: center;\"><em ><span  style=\"color: #000000;\"><strong >Seguir siendo una empresa de excelencia en la provisi\u00f3n de servicios operacionales en la industria, provisi\u00f3n de tecnolog\u00eda, dise\u00f1o y fabricaci\u00f3n de los mejores dispositivos aptos para la Industria, satisfaciendo las necesidades de nuestros clientes.<\/strong><\/span><\/em><\/p>\n<p  class=\"\" style=\"text-align: center;\"><em ><span  style=\"color: #000000;\"><strong >La eficacia y la eficiencia son el eslab\u00f3n de todos nuestros procesos.<\/strong><\/span><\/em><\/p>\n<p  class=\"\" style=\"text-align: center;\"><em ><span  style=\"color: #000000;\"><strong >Procuramos seguir manteniendo y mejorando lo que nos caracteriza y que nos han permitido ser reconocidos entre los operadores l\u00edderes en la industria a niveles Internacionales.<\/strong><\/span><\/em><\/p>\n\n<\/div>\n<div  class=\"col-padding-small col-padding-small-xs read-more-container\" data-type=\"column\"><\/div>\n<\/div>\n<\/div>\n<div  class=\"col-xs-12 col-sm-6 col-md-4 \">\n<div  class=\"card no-padding bordered y-move\"><a  href=\"#\" data-cp-link=\"1\"><img  decoding=\"async\" class=\"face\" title=\"cropped-Technical-Innovation-defination.png\" src=\"https:\/\/automatizaciones.net\/wp-content\/uploads\/2022\/06\/cropped-Technical-Innovation-defination.png\" alt=\"\"><\/a>\n<div  class=\"col-padding-small col-padding-small-xs description-container\" data-type=\"column\">\n<h4  class=\"font-500\" style=\"text-align: center;\"><span  style=\"color: #000000;\">INNOVACI\u00d3N T\u00c9CNOLOGICA<\/span><\/h4>\n<p  class=\"\" style=\"text-align: center;\"><em ><strong ><span  style=\"color: #000000;\">El proceso de Innovaci\u00f3n tecnol\u00f3gica que ofrecemos posibilita a nuestros clientes el lanzamiento al mercado de nuevos y mejorados productos o procesos.<\/span><\/strong><\/em><\/p>\n<p  class=\"\" style=\"text-align: center;\"><em ><strong ><span  style=\"color: #000000;\">Trabajamos constantemente en que el cliente tenga un alto Retorno de Inversi\u00f3n.<\/span><\/strong><\/em><\/p>\n<p  class=\"\" style=\"text-align: center;\"><em ><strong ><span  style=\"color: #000000;\">Transformamos operaciones a trav\u00e9s de nuestros servicios y sofisticaci\u00f3n en constante evoluci\u00f3n para la Vanguardia Industrial.<\/span><\/strong><\/em><\/p>\n\n<\/div>\n<div  class=\"col-padding-small col-padding-small-xs read-more-container\" data-type=\"column\"><\/div>\n<\/div>\n<\/div>\n<\/div>\n<\/div>\n<\/div><div  id=\"content-1\" class=\"content-12 content-section content-section-spacing\" style=\"background-color: #f5fafd;\" data-label=\"Content\" data-id=\"content--1\" data-export-id=\"content-12\" data-category=\"content\">\n<div  class=\"gridContainer\">\n<div  class=\"row text-center\">\n<div  class=\"section-title-col\" data-type=\"column\"><img  decoding=\"async\" class=\"custom-image\" title=\"servicios0\" src=\"https:\/\/automatizaciones.net\/wp-content\/uploads\/2022\/06\/servicios0-1.png\" alt=\"\"><\/div>\n<\/div>\n<div  class=\"row center-xs middle-xs\">\n<div  class=\"col-sm-9\" data-type=\"column\"><\/div>\n<\/div>\n<\/div>\n<\/div><div  id=\"about-1\" class=\"about-10 content-section content-section-spacing\" style=\"background-color: #f5fafd;\" data-label=\"About\" data-id=\"about--1\" data-export-id=\"about-10\" data-category=\"about\">\n<div  class=\"gridContainer\">\n<div  class=\"row middle-sm text-center\">\n<div  class=\"col-sm-5 space-bottom-xs content-column\" data-type=\"column\">\n<h2  class=\"\">T\u00c9CNOLOGIA OPERACIONAL<\/h2>\n<p  class=\"\"><em ><span  style=\"color: #000000;\"><b >Utilizar el software y el hardware para controlar los equipos industriales, incluyendo los sistemas especializados que se utilizan en los sectores de fabricaci\u00f3n, y gesti\u00f3n de l\u00edneas de producci\u00f3n. Pol\u00edtica&nbsp;de Calidad cumplimentada con la normas ISO 9001:2015Utilizar el software y el hardware para controlar los equipos industriales, incluyendo los sistemas especializados que se utilizan en los sectores de fabricaci\u00f3n, y gesti\u00f3n de l\u00edneas de producci\u00f3n.<\/b><\/span><\/em><\/p>\n<p  class=\"\"><span  style=\"color: #000000;\"><b ><i >Pol\u00edtica<\/i><\/b><\/span><strong ><em ><span  style=\"color: #000000;\">&nbsp;de Calidad cumplimentada con la normas ISO 9001:2015<\/span><\/em><\/strong><\/p>\n\n<p  class=\"\"><\/p>\n\n<\/div>\n<div  class=\"col-sm-7 flexbox middle-xs center-xs space-bottom-xs\">\n<div  class=\"overlay-box middle-xs center-xs flexbox\">\n<div  class=\"overlay-box-offset offset-border shadow-medium border-color1 hide-xs\"><\/div>\n<img  decoding=\"async\" class=\"shadow-large\" title=\"cropped-ganancias.jpg\" src=\"https:\/\/automatizaciones.net\/wp-content\/uploads\/2022\/06\/cropped-ganancias.jpg\" alt=\"\" data-size=\"485x705\">\n\n<\/div>\n<\/div>\n<\/div>\n<\/div>\n<\/div><div  id=\"portfolio-3\" class=\"portfolio-4 content-section content-section-spacing-top\" style=\"background-color: #f5fafd; background-image: none;\" data-label=\"Portfolio\" data-id=\"portfolio-4\" data-export-id=\"portfolio-4\" data-category=\"portfolio\">\n<div  class=\"\">\n<div  class=\"row text-center\">\n<div  class=\"section-title-col\" data-type=\"column\">\n<h2  class=\"\">PORTA FOLIO<\/h2>\n<p  class=\"lead\"><span  style=\"color: #000000;\">INDUSTRIA PETROLERA \/ PETROQU\u00cdMICA<\/span>\n<span  style=\"color: #000000;\">INDUSTRIA QU\u00cdMICA<\/span>\n<span  style=\"color: #000000;\">INDUSTRIA DE ACUACULTURA<\/span><\/p>\n\n<\/div>\n<\/div>\n<div  class=\"row\" data-type=\"row\" data-fixed=\"true\">\n<div  class=\"col-xs-12 col-sm-3 no-gutter-col\">\n<div  class=\"contentswap-effect\" data-hover-fx=\"portfolio-4\">\n<div  class=\"initial-image\"><img  decoding=\"async\" src=\"https:\/\/automatizaciones.net\/wp-content\/uploads\/2022\/06\/cropped-terminal-petrolera.gif\" data-size=\"542x360\"><\/div>\n<div  class=\"overlay bg-color1\"><\/div>\n<div  class=\"swap-inner col-xs-12\">\n<div  class=\"row full-height-row middle-xs middle-sm\">\n<div  class=\"col-xs-12 text-center content-holder\"><\/div>\n<\/div>\n<\/div>\n<\/div>\n<\/div>\n<div  class=\"col-xs-12 col-sm-3 no-gutter-col\">\n<div  class=\"contentswap-effect\" data-hover-fx=\"portfolio-4\">\n<div  class=\"initial-image\"><img  decoding=\"async\" src=\"https:\/\/automatizaciones.net\/wp-content\/uploads\/2022\/06\/cropped-aquicultura.jpg\" data-size=\"542x360\"><\/div>\n<div  class=\"overlay bg-color1\"><\/div>\n<div  class=\"swap-inner col-xs-12\">\n<div  class=\"row full-height-row middle-xs middle-sm\">\n<div  class=\"col-xs-12 text-center content-holder\"><\/div>\n<\/div>\n<\/div>\n<\/div>\n<\/div>\n<div  class=\"col-xs-12 col-sm-3 no-gutter-col\">\n<div  class=\"contentswap-effect\" data-hover-fx=\"portfolio-4\">\n<div  class=\"initial-image\"><img  decoding=\"async\" src=\"https:\/\/automatizaciones.net\/wp-content\/uploads\/2022\/06\/cropped-quimica.jpg\" data-size=\"542x360\"><\/div>\n<div  class=\"overlay bg-color1\"><\/div>\n<div  class=\"swap-inner col-xs-12\">\n<div  class=\"row full-height-row middle-xs middle-sm\">\n<div  class=\"col-xs-12 text-center content-holder\"><\/div>\n<\/div>\n<\/div>\n<\/div>\n<\/div>\n<div  class=\"col-xs-12 col-sm-3 no-gutter-col\">\n<div  class=\"contentswap-effect\" data-hover-fx=\"portfolio-4\">\n<div  class=\"initial-image\"><img  decoding=\"async\" src=\"https:\/\/automatizaciones.net\/wp-content\/uploads\/2022\/06\/cropped-INDUSTRI.webp\" data-size=\"542x360\"><\/div>\n<div  class=\"overlay bg-color1\"><\/div>\n<div  class=\"swap-inner col-xs-12\">\n<div  class=\"row full-height-row middle-xs middle-sm\">\n<div  class=\"col-xs-12 text-center content-holder\"><\/div>\n<\/div>\n<\/div>\n<\/div>\n<\/div>\n<\/div>\n<\/div>\n<\/div><div  id=\"counters-2\" class=\"counters-2 content-section content-section-spacing\" style=\"background-color: #f5fafd;\" data-label=\"Counters\" data-id=\"counters-2\" data-export-id=\"counters-2\" data-category=\"counters\">\n<div  class=\"gridContainer\">\n<div  class=\"row text-center\">\n<div  class=\"section-title-col\" data-type=\"column\">\n<h2  class=\"\">Contador<\/h2>\n<p  class=\"lead\">En Programmed Intelligence S.A. cada vez m\u00e1s tr\u00e1fico se dirige a nuestro sitio web en busca de informaci\u00f3n.<\/p>\n\n<\/div>\n<\/div>\n<div  class=\"row\" data-type=\"row\">\n<div  class=\"col-xs-12 col-sm-4 text-center space-bottom\"><i  class=\"fa fa-envira icon color1\"><\/i>\n<p  class=\"\"><\/p>\n\n<h3  class=\"font-400\" style=\"display: inline-block;\" data-min=\"0\" data-max=\"35\" data-duration=\"2000\" data-prefix=\"\" data-suffix=\"+\" data-countup=\"true\"><\/h3>\n<h5  class=\"upper color2\">nuevos clientes<\/h5>\n<\/div>\n<div  class=\"col-xs-12 col-sm-4 text-center space-bottom\"><i  class=\"fa fa-smile-o icon color1\"><\/i>\n<p  class=\"\"><\/p>\n\n<h3  class=\"font-400\" style=\"display: inline-block;\" data-min=\"10000\" data-max=\"387\" data-duration=\"2000\" data-prefix=\"\" data-suffix=\"+\" data-countup=\"true\"><\/h3>\n<h5  class=\"upper color2\">clientes satisfechos<\/h5>\n<\/div>\n<div  class=\"col-xs-12 col-sm-4 text-center space-bottom\"><i  class=\"fa icon color1 fa-users\"><\/i>\n<p  class=\"\"><\/p>\n\n<h3  class=\"font-400\" style=\"display: inline-block;\" data-min=\"0\" data-max=\"45\" data-duration=\"2000\" data-prefix=\"\" data-suffix=\"+\" data-countup=\"true\"><\/h3>\n<h5  class=\"upper color2\">visitas<\/h5>\n<\/div>\n<\/div>\n<\/div>\n<\/div><div  id=\"team-2\" class=\"team-2 content-section content-section-spacing\" style=\"background-color: #ffffff;\" data-label=\"Team\" data-id=\"team-2\" data-export-id=\"team-2\" data-category=\"team\">\n<div  class=\"gridContainer\">\n<div  class=\"row text-center\">\n<div  class=\"section-title-col\" data-type=\"column\">\n<h2  class=\"\">NUESTRO EQUIPO<\/h2>\n<p  class=\"lead\">EQUIPO VISIBLE<\/p>\n\n<\/div>\n<\/div>\n<div  class=\"row spaced-cols content-center-sm center-sm\" data-type=\"row\">\n<div  class=\"col-sm-6 col-md-3\">\n<div  class=\"card y-move no-padding bordered\"><img  decoding=\"async\" class=\"face\" title=\"cropped-miguel.jpg\" src=\"https:\/\/automatizaciones.net\/wp-content\/uploads\/2022\/06\/cropped-miguel.jpg\" alt=\"\">\n<div  class=\"col-padding-small col-padding-small-xs description-container\" data-type=\"column\">\n<h4  class=\"font-500\">ING. ELECTR\u00d3NICO<\/h4>\n<p  class=\"small\" style=\"font-style: italic;\">MIGUEL N. TABORDA<\/p>\n<p  class=\"\">Departamento Ingenieria de Proyecto<\/p>\n\n<div  class=\"social-icons-group\" data-type=\"group\"><\/div>\n<\/div>\n<\/div>\n<\/div>\n<div  class=\"col-sm-6 col-md-3\">\n<div  class=\"card y-move no-padding bordered\"><img  decoding=\"async\" class=\"face\" title=\"cropped-persona.jpg\" src=\"https:\/\/automatizaciones.net\/wp-content\/uploads\/2022\/06\/cropped-persona.jpg\" alt=\"\">\n<div  class=\"col-padding-small col-padding-small-xs description-container\" data-type=\"column\">\n<h4  class=\"font-500\">ING. EL\u00c9CTRICO<\/h4>\n<p  class=\"small\" style=\"font-style: italic;\">DIEGO L. TABORDA<\/p>\n<p  class=\"\">Departamento de\nInstrumentaci\u00f3n<\/p>\n\n<div  class=\"social-icons-group\" data-type=\"group\"><\/div>\n<\/div>\n<\/div>\n<\/div>\n<div  class=\"col-sm-6 col-md-3\">\n<div  class=\"card y-move no-padding bordered\"><a href=\"#\" target=\"_self\" rel=\"noopener\" data-cp-link=\"1\"><img  decoding=\"async\" class=\"face\" src=\"https:\/\/automatizaciones.net\/wp-content\/uploads\/2022\/06\/cropped-personam-1.jpg\"><\/a>\n<div  class=\"col-padding-small col-padding-small-xs description-container\" data-type=\"column\">\n<h4  class=\"font-500\">LIC. AUTOMOCI\u00d3N Y ROB\u00d3TICA<\/h4>\n<p  class=\"small\" style=\"font-style: italic;\">MELINA R. TABORDA<\/p>\n<p  class=\"\">Departamento de\nAutomatizaci\u00f3n y Rob\u00f3tica<\/p>\n\n<\/div>\n<\/div>\n<\/div>\n<\/div>\n<\/div>\n<div  class=\"social-icons-group\" data-type=\"group\"><\/div>\n<\/div><figure  class=\"wp-block-image size-thumbnail #contactos-datos\"><\/figure>","protected":false},"excerpt":{"rendered":"<p>AUTOMATIZACI\u00d3N Y ROB\u00d3TICA Empresa con m\u00e1s de 30 a\u00f1os de trayectoria brindando soluciones integrales de\u202ftecnolog\u00eda y \u202fconectividad de buses de campos de redes de datos, a trav\u00e9s de Cableado Estructurado, Fibra \u00d3ptica, Ethernet Wireless u transmisiones por Microondas estas \u00faltimas pueden ser punto a punto, distribuidas por nodos, por Red Satelital o Red GSM G3-G4,&hellip; <br \/> <a class=\"read-more\" href=\"https:\/\/automatizaciones.net\/\">Leer m\u00e1s<\/a><\/p>\n","protected":false},"author":2,"featured_media":0,"parent":0,"menu_order":0,"comment_status":"closed","ping_status":"closed","template":"page-templates\/homepage.php","meta":{"footnotes":""},"class_list":["post-4","page","type-page","status-publish","hentry"],"_links":{"self":[{"href":"https:\/\/automatizaciones.net\/index.php?rest_route=\/wp\/v2\/pages\/4","targetHints":{"allow":["GET"]}}],"collection":[{"href":"https:\/\/automatizaciones.net\/index.php?rest_route=\/wp\/v2\/pages"}],"about":[{"href":"https:\/\/automatizaciones.net\/index.php?rest_route=\/wp\/v2\/types\/page"}],"author":[{"embeddable":true,"href":"https:\/\/automatizaciones.net\/index.php?rest_route=\/wp\/v2\/users\/2"}],"replies":[{"embeddable":true,"href":"https:\/\/automatizaciones.net\/index.php?rest_route=%2Fwp%2Fv2%2Fcomments&post=4"}],"version-history":[{"count":113,"href":"https:\/\/automatizaciones.net\/index.php?rest_route=\/wp\/v2\/pages\/4\/revisions"}],"predecessor-version":[{"id":725,"href":"https:\/\/automatizaciones.net\/index.php?rest_route=\/wp\/v2\/pages\/4\/revisions\/725"}],"wp:attachment":[{"href":"https:\/\/automatizaciones.net\/index.php?rest_route=%2Fwp%2Fv2%2Fmedia&parent=4"}],"curies":[{"name":"wp","href":"https:\/\/api.w.org\/{rel}","templated":true}]}}